{"id":7449,"date":"2021-11-16T18:20:07","date_gmt":"2021-11-16T18:20:07","guid":{"rendered":"https:\/\/puebloviejolugardevalor.com\/contacto\/"},"modified":"2021-11-30T12:48:27","modified_gmt":"2021-11-30T16:48:27","slug":"contacto","status":"publish","type":"page","link":"https:\/\/puebloviejolugardevalor.com\/en\/contacto\/","title":{"rendered":"Contact us"},"content":{"rendered":"[vc_row type=&#8221;full_width_background&#8221; full_screen_row_position=&#8221;middle&#8221; column_margin=&#8221;default&#8221; equal_height=&#8221;yes&#8221; column_direction=&#8221;default&#8221; column_direction_tablet=&#8221;default&#8221; column_direction_phone=&#8221;default&#8221; bg_color=&#8221;#ffffff&#8221; full_height=&#8221;yes&#8221; scene_position=&#8221;center&#8221; bottom_padding=&#8221;3%&#8221; text_color=&#8221;dark&#8221; text_align=&#8221;left&#8221; row_border_radius=&#8221;none&#8221; row_border_radius_applies=&#8221;bg&#8221; overlay_strength=&#8221;1&#8243; gradient_direction=&#8221;left_to_right&#8221; shape_divider_position=&#8221;bottom&#8221; bg_image_animation=&#8221;none&#8221; shape_type=&#8221;&#8221;][vc_column column_padding=&#8221;no-extra-padding&#8221; column_padding_tablet=&#8221;inherit&#8221; column_padding_phone=&#8221;inherit&#8221; column_padding_position=&#8221;all&#8221; column_element_spacing=&#8221;default&#8221; background_color_opacity=&#8221;1&#8243; background_hover_color_opacity=&#8221;1&#8243; column_shadow=&#8221;none&#8221; column_border_radius=&#8221;none&#8221; column_link_target=&#8221;_self&#8221; gradient_direction=&#8221;left_to_right&#8221; overlay_strength=&#8221;0.3&#8243; width=&#8221;1\/2&#8243; tablet_width_inherit=&#8221;default&#8221; tablet_text_alignment=&#8221;default&#8221; phone_text_alignment=&#8221;default&#8221; bg_image_animation=&#8221;none&#8221; border_type=&#8221;simple&#8221; column_border_width=&#8221;none&#8221; column_border_style=&#8221;solid&#8221;][divider line_type=&#8221;No Line&#8221; custom_height=&#8221;50px&#8221;][vc_custom_heading text=&#8221;What\u2019s your story?&#8221; font_container=&#8221;tag:h2|font_size:32px|text_align:center|line_height:40px&#8221; use_theme_fonts=&#8221;yes&#8221; el_class=&#8221;custom-bold&#8221; css=&#8221;.vc_custom_1638216322566{margin-bottom: 28px !important;}&#8221;][vc_column_text css=&#8221;.vc_custom_1638283732681{margin-top: -8px !important;margin-bottom: -8px !important;}&#8221;]\n<p style=\"text-align: center;\">Do you have any question, comment or idea about the project that you want to share with us? Use the box below.<\/p>\n[\/vc_column_text][vc_row_inner column_margin=&#8221;default&#8221; column_direction=&#8221;default&#8221; column_direction_tablet=&#8221;default&#8221; column_direction_phone=&#8221;default&#8221; top_padding=&#8221;3%&#8221; text_align=&#8221;left&#8221;][vc_column_inner column_padding=&#8221;no-extra-padding&#8221; column_padding_tablet=&#8221;inherit&#8221; column_padding_phone=&#8221;inherit&#8221; column_padding_position=&#8221;all&#8221; column_element_spacing=&#8221;default&#8221; background_color_opacity=&#8221;1&#8243; background_hover_color_opacity=&#8221;1&#8243; column_shadow=&#8221;none&#8221; column_border_radius=&#8221;none&#8221; column_link_target=&#8221;_self&#8221; gradient_direction=&#8221;left_to_right&#8221; overlay_strength=&#8221;0.3&#8243; width=&#8221;1\/1&#8243; tablet_width_inherit=&#8221;default&#8221; bg_image_animation=&#8221;none&#8221; border_type=&#8221;simple&#8221; column_border_width=&#8221;none&#8221; column_border_style=&#8221;solid&#8221;]\n<div class=\"wpcf7 no-js\" id=\"wpcf7-f6235-o1\" lang=\"en-US\" dir=\"ltr\" data-wpcf7-id=\"6235\">\n<div class=\"screen-reader-response\"><p role=\"status\" aria-live=\"polite\" aria-atomic=\"true\"><\/p> <ul><\/ul><\/div>\n<form action=\"\/en\/wp-json\/wp\/v2\/pages\/7449#wpcf7-f6235-o1\" method=\"post\" class=\"wpcf7-form init\" aria-label=\"Contact form\" novalidate=\"novalidate\" data-status=\"init\">\n<fieldset class=\"hidden-fields-container\"><input type=\"hidden\" name=\"_wpcf7\" value=\"6235\" \/><input type=\"hidden\" name=\"_wpcf7_version\" value=\"6.1.5\" \/><input type=\"hidden\" name=\"_wpcf7_locale\" value=\"en_US\" \/><input type=\"hidden\" name=\"_wpcf7_unit_tag\" value=\"wpcf7-f6235-o1\" \/><input type=\"hidden\" name=\"_wpcf7_container_post\" value=\"0\" \/><input type=\"hidden\" name=\"_wpcf7_posted_data_hash\" value=\"\" \/><input type=\"hidden\" name=\"_wpcf7cf_hidden_group_fields\" value=\"[]\" \/><input type=\"hidden\" name=\"_wpcf7cf_hidden_groups\" value=\"[]\" \/><input type=\"hidden\" name=\"_wpcf7cf_visible_groups\" value=\"[]\" \/><input type=\"hidden\" name=\"_wpcf7cf_repeaters\" value=\"[]\" \/><input type=\"hidden\" name=\"_wpcf7cf_steps\" value=\"{}\" \/><input type=\"hidden\" name=\"_wpcf7cf_options\" value=\"{&quot;form_id&quot;:6235,&quot;conditions&quot;:[],&quot;settings&quot;:{&quot;animation&quot;:&quot;yes&quot;,&quot;animation_intime&quot;:200,&quot;animation_outtime&quot;:200,&quot;conditions_ui&quot;:&quot;normal&quot;,&quot;notice_dismissed&quot;:false}}\" \/><input type=\"hidden\" name=\"_wpcf7_recaptcha_response\" value=\"\" \/>\n<\/fieldset>\n<p><label> Name<br \/>\n<span class=\"wpcf7-form-control-wrap\" data-name=\"your-name\"><input size=\"40\" maxlength=\"400\" class=\"wpcf7-form-control wpcf7-text wpcf7-validates-as-required\" aria-required=\"true\" aria-invalid=\"false\" value=\"\" type=\"text\" name=\"your-name\" \/><\/span> <\/label>\n<\/p>\n<p><label> Email<br \/>\n<span class=\"wpcf7-form-control-wrap\" data-name=\"your-email\"><input size=\"40\" maxlength=\"400\" class=\"wpcf7-form-control wpcf7-email wpcf7-validates-as-required wpcf7-text wpcf7-validates-as-email\" aria-required=\"true\" aria-invalid=\"false\" value=\"\" type=\"email\" name=\"your-email\" \/><\/span> <\/label>\n<\/p>\n<p><label> Message<br \/>\n<span class=\"wpcf7-form-control-wrap\" data-name=\"your-message\"><textarea cols=\"40\" rows=\"10\" maxlength=\"2000\" class=\"wpcf7-form-control wpcf7-textarea\" aria-invalid=\"false\" name=\"your-message\"><\/textarea><\/span> <\/label>\n<\/p>\n<p><label>\u00bfQuieres visitar Barrick Pueblo Viejo?<\/label><br \/>\n<span class=\"wpcf7-form-control-wrap\" data-name=\"radio-visit\"><span class=\"wpcf7-form-control wpcf7-radio\"><span class=\"wpcf7-list-item first\"><label><span class=\"wpcf7-list-item-label\">S\u00ed<\/span><input type=\"radio\" name=\"radio-visit\" value=\"S\u00ed\" \/><\/label><\/span><span class=\"wpcf7-list-item last\"><label><span class=\"wpcf7-list-item-label\">No<\/span><input type=\"radio\" name=\"radio-visit\" value=\"No\" checked=\"checked\" \/><\/label><\/span><\/span><\/span>\n<\/p>\n<p><input class=\"wpcf7-form-control wpcf7-submit has-spinner\" id=\"form-submit-contact\" type=\"submit\" value=\"Send\" \/>\n<\/p><div class=\"wpcf7-response-output\" aria-hidden=\"true\"><\/div>\n<\/form>\n<\/div>\n[\/vc_column_inner][\/vc_row_inner][\/vc_column][vc_column column_padding=&#8221;no-extra-padding&#8221; column_padding_tablet=&#8221;inherit&#8221; column_padding_phone=&#8221;inherit&#8221; column_padding_position=&#8221;all&#8221; column_element_spacing=&#8221;default&#8221; background_color_opacity=&#8221;1&#8243; background_hover_color_opacity=&#8221;1&#8243; column_shadow=&#8221;none&#8221; column_border_radius=&#8221;none&#8221; column_link_target=&#8221;_self&#8221; gradient_direction=&#8221;left_to_right&#8221; overlay_strength=&#8221;0.3&#8243; width=&#8221;1\/2&#8243; tablet_width_inherit=&#8221;default&#8221; tablet_text_alignment=&#8221;default&#8221; phone_text_alignment=&#8221;default&#8221; bg_image_animation=&#8221;none&#8221; border_type=&#8221;simple&#8221; column_border_width=&#8221;none&#8221; column_border_style=&#8221;solid&#8221;][vc_row_inner column_margin=&#8221;default&#8221; column_direction=&#8221;default&#8221; column_direction_tablet=&#8221;default&#8221; column_direction_phone=&#8221;default&#8221; text_align=&#8221;left&#8221;][vc_column_inner column_padding=&#8221;no-extra-padding&#8221; column_padding_tablet=&#8221;inherit&#8221; column_padding_phone=&#8221;inherit&#8221; column_padding_position=&#8221;all&#8221; column_element_spacing=&#8221;default&#8221; background_color_opacity=&#8221;1&#8243; background_hover_color_opacity=&#8221;1&#8243; background_image=&#8221;6628&#8243; background_image_position=&#8221;center center&#8221; enable_bg_scale=&#8221;true&#8221; background_image_loading=&#8221;default&#8221; column_shadow=&#8221;none&#8221; column_border_radius=&#8221;none&#8221; column_link_target=&#8221;_self&#8221; gradient_direction=&#8221;left_to_right&#8221; overlay_strength=&#8221;0.3&#8243; width=&#8221;1\/1&#8243; tablet_width_inherit=&#8221;default&#8221; bg_image_animation=&#8221;none&#8221; border_type=&#8221;simple&#8221; column_border_width=&#8221;none&#8221; column_border_style=&#8221;solid&#8221;][divider line_type=&#8221;No Line&#8221; custom_height=&#8221;750px&#8221;][\/vc_column_inner][\/vc_row_inner][\/vc_column][\/vc_row]\n","protected":false},"excerpt":{"rendered":"<p>[vc_row type=&#8221;full_width_background&#8221; full_screen_row_position=&#8221;middle&#8221; column_margin=&#8221;default&#8221; equal_height=&#8221;yes&#8221; column_direction=&#8221;default&#8221; column_direction_tablet=&#8221;default&#8221; column_direction_phone=&#8221;default&#8221; bg_color=&#8221;#ffffff&#8221; full_height=&#8221;yes&#8221; scene_position=&#8221;center&#8221; bottom_padding=&#8221;3%&#8221; text_color=&#8221;dark&#8221; text_align=&#8221;left&#8221; row_border_radius=&#8221;none&#8221;&#8230;<\/p>\n","protected":false},"author":5,"featured_media":7645,"parent":0,"menu_order":0,"comment_status":"closed","ping_status":"closed","template":"","meta":{"footnotes":""},"class_list":["post-7449","page","type-page","status-publish","has-post-thumbnail"],"yoast_head":"<!-- This site is optimized with the Yoast SEO plugin v27.3 - https:\/\/yoast.com\/product\/yoast-seo-wordpress\/ -->\n<title>Contact us - Barrick | Un lugar de valor<\/title>\n<meta name=\"description\" content=\"Barrick Pueblo Viejo es un lugar de valor por los resultados de casi 15 a\u00f1os de miner\u00eda responsable en el pa\u00eds en aspectos sociales, medioambientales y econ\u00f3micos.\" \/>\n<meta name=\"robots\" content=\"index, follow, max-snippet:-1, max-image-preview:large, max-video-preview:-1\" \/>\n<link rel=\"canonical\" href=\"https:\/\/puebloviejolugardevalor.com\/?page_id=6656\" \/>\n<meta property=\"og:locale\" content=\"en_US\" \/>\n<meta property=\"og:type\" content=\"article\" \/>\n<meta property=\"og:title\" content=\"Contact us - Barrick | Un lugar de valor\" \/>\n<meta property=\"og:description\" content=\"Barrick Pueblo Viejo es un lugar de valor por los resultados de casi 15 a\u00f1os de miner\u00eda responsable en el pa\u00eds en aspectos sociales, medioambientales y econ\u00f3micos.\" \/>\n<meta property=\"og:url\" content=\"https:\/\/puebloviejolugardevalor.com\/?page_id=6656\" \/>\n<meta property=\"og:site_name\" content=\"Barrick | Un lugar de valor\" \/>\n<meta property=\"article:modified_time\" content=\"2021-11-30T16:48:27+00:00\" \/>\n<meta property=\"og:image\" content=\"https:\/\/puebloviejolugardevalor.com\/wp-content\/uploads\/2021\/11\/Mesa-de-trabajo-10.jpg\" \/>\n\t<meta property=\"og:image:width\" content=\"1459\" \/>\n\t<meta property=\"og:image:height\" content=\"821\" \/>\n\t<meta property=\"og:image:type\" content=\"image\/jpeg\" \/>\n<meta name=\"twitter:card\" content=\"summary_large_image\" \/>\n<meta name=\"twitter:image\" content=\"https:\/\/puebloviejolugardevalor.com\/wp-content\/uploads\/2021\/11\/Mesa-de-trabajo-10.jpg\" \/>\n<meta name=\"twitter:label1\" content=\"Est. reading time\" \/>\n\t<meta name=\"twitter:data1\" content=\"1 minute\" \/>\n<script type=\"application\/ld+json\" class=\"yoast-schema-graph\">{\"@context\":\"https:\\\/\\\/schema.org\",\"@graph\":[{\"@type\":\"WebPage\",\"@id\":\"https:\\\/\\\/puebloviejolugardevalor.com\\\/?page_id=6656\",\"url\":\"https:\\\/\\\/puebloviejolugardevalor.com\\\/?page_id=6656\",\"name\":\"Contact us - Barrick | Un lugar de valor\",\"isPartOf\":{\"@id\":\"https:\\\/\\\/puebloviejolugardevalor.com\\\/#website\"},\"primaryImageOfPage\":{\"@id\":\"https:\\\/\\\/puebloviejolugardevalor.com\\\/?page_id=6656#primaryimage\"},\"image\":{\"@id\":\"https:\\\/\\\/puebloviejolugardevalor.com\\\/?page_id=6656#primaryimage\"},\"thumbnailUrl\":\"https:\\\/\\\/puebloviejolugardevalor.com\\\/wp-content\\\/uploads\\\/2021\\\/11\\\/Mesa-de-trabajo-10.jpg\",\"datePublished\":\"2021-11-16T18:20:07+00:00\",\"dateModified\":\"2021-11-30T16:48:27+00:00\",\"description\":\"Barrick Pueblo Viejo es un lugar de valor por los resultados de casi 15 a\u00f1os de miner\u00eda responsable en el pa\u00eds en aspectos sociales, medioambientales y econ\u00f3micos.\",\"breadcrumb\":{\"@id\":\"https:\\\/\\\/puebloviejolugardevalor.com\\\/?page_id=6656#breadcrumb\"},\"inLanguage\":\"en-US\",\"potentialAction\":[{\"@type\":\"ReadAction\",\"target\":[\"https:\\\/\\\/puebloviejolugardevalor.com\\\/?page_id=6656\"]}]},{\"@type\":\"ImageObject\",\"inLanguage\":\"en-US\",\"@id\":\"https:\\\/\\\/puebloviejolugardevalor.com\\\/?page_id=6656#primaryimage\",\"url\":\"https:\\\/\\\/puebloviejolugardevalor.com\\\/wp-content\\\/uploads\\\/2021\\\/11\\\/Mesa-de-trabajo-10.jpg\",\"contentUrl\":\"https:\\\/\\\/puebloviejolugardevalor.com\\\/wp-content\\\/uploads\\\/2021\\\/11\\\/Mesa-de-trabajo-10.jpg\",\"width\":1459,\"height\":821},{\"@type\":\"BreadcrumbList\",\"@id\":\"https:\\\/\\\/puebloviejolugardevalor.com\\\/?page_id=6656#breadcrumb\",\"itemListElement\":[{\"@type\":\"ListItem\",\"position\":1,\"name\":\"Inicio\",\"item\":\"https:\\\/\\\/puebloviejolugardevalor.com\\\/\"},{\"@type\":\"ListItem\",\"position\":2,\"name\":\"Contact us\"}]},{\"@type\":\"WebSite\",\"@id\":\"https:\\\/\\\/puebloviejolugardevalor.com\\\/#website\",\"url\":\"https:\\\/\\\/puebloviejolugardevalor.com\\\/\",\"name\":\"Barrick | Un lugar de valor\",\"description\":\"Pueblo viejo un lugar de valor\",\"potentialAction\":[{\"@type\":\"SearchAction\",\"target\":{\"@type\":\"EntryPoint\",\"urlTemplate\":\"https:\\\/\\\/puebloviejolugardevalor.com\\\/?s={search_term_string}\"},\"query-input\":{\"@type\":\"PropertyValueSpecification\",\"valueRequired\":true,\"valueName\":\"search_term_string\"}}],\"inLanguage\":\"en-US\"}]}<\/script>\n<!-- \/ Yoast SEO plugin. -->","yoast_head_json":{"title":"Contact us - Barrick | Un lugar de valor","description":"Barrick Pueblo Viejo es un lugar de valor por los resultados de casi 15 a\u00f1os de miner\u00eda responsable en el pa\u00eds en aspectos sociales, medioambientales y econ\u00f3micos.","robots":{"index":"index","follow":"follow","max-snippet":"max-snippet:-1","max-image-preview":"max-image-preview:large","max-video-preview":"max-video-preview:-1"},"canonical":"https:\/\/puebloviejolugardevalor.com\/?page_id=6656","og_locale":"en_US","og_type":"article","og_title":"Contact us - Barrick | Un lugar de valor","og_description":"Barrick Pueblo Viejo es un lugar de valor por los resultados de casi 15 a\u00f1os de miner\u00eda responsable en el pa\u00eds en aspectos sociales, medioambientales y econ\u00f3micos.","og_url":"https:\/\/puebloviejolugardevalor.com\/?page_id=6656","og_site_name":"Barrick | Un lugar de valor","article_modified_time":"2021-11-30T16:48:27+00:00","og_image":[{"width":1459,"height":821,"url":"https:\/\/puebloviejolugardevalor.com\/wp-content\/uploads\/2021\/11\/Mesa-de-trabajo-10.jpg","type":"image\/jpeg"}],"twitter_card":"summary_large_image","twitter_image":"https:\/\/puebloviejolugardevalor.com\/wp-content\/uploads\/2021\/11\/Mesa-de-trabajo-10.jpg","twitter_misc":{"Est. reading time":"1 minute"},"schema":{"@context":"https:\/\/schema.org","@graph":[{"@type":"WebPage","@id":"https:\/\/puebloviejolugardevalor.com\/?page_id=6656","url":"https:\/\/puebloviejolugardevalor.com\/?page_id=6656","name":"Contact us - Barrick | Un lugar de valor","isPartOf":{"@id":"https:\/\/puebloviejolugardevalor.com\/#website"},"primaryImageOfPage":{"@id":"https:\/\/puebloviejolugardevalor.com\/?page_id=6656#primaryimage"},"image":{"@id":"https:\/\/puebloviejolugardevalor.com\/?page_id=6656#primaryimage"},"thumbnailUrl":"https:\/\/puebloviejolugardevalor.com\/wp-content\/uploads\/2021\/11\/Mesa-de-trabajo-10.jpg","datePublished":"2021-11-16T18:20:07+00:00","dateModified":"2021-11-30T16:48:27+00:00","description":"Barrick Pueblo Viejo es un lugar de valor por los resultados de casi 15 a\u00f1os de miner\u00eda responsable en el pa\u00eds en aspectos sociales, medioambientales y econ\u00f3micos.","breadcrumb":{"@id":"https:\/\/puebloviejolugardevalor.com\/?page_id=6656#breadcrumb"},"inLanguage":"en-US","potentialAction":[{"@type":"ReadAction","target":["https:\/\/puebloviejolugardevalor.com\/?page_id=6656"]}]},{"@type":"ImageObject","inLanguage":"en-US","@id":"https:\/\/puebloviejolugardevalor.com\/?page_id=6656#primaryimage","url":"https:\/\/puebloviejolugardevalor.com\/wp-content\/uploads\/2021\/11\/Mesa-de-trabajo-10.jpg","contentUrl":"https:\/\/puebloviejolugardevalor.com\/wp-content\/uploads\/2021\/11\/Mesa-de-trabajo-10.jpg","width":1459,"height":821},{"@type":"BreadcrumbList","@id":"https:\/\/puebloviejolugardevalor.com\/?page_id=6656#breadcrumb","itemListElement":[{"@type":"ListItem","position":1,"name":"Inicio","item":"https:\/\/puebloviejolugardevalor.com\/"},{"@type":"ListItem","position":2,"name":"Contact us"}]},{"@type":"WebSite","@id":"https:\/\/puebloviejolugardevalor.com\/#website","url":"https:\/\/puebloviejolugardevalor.com\/","name":"Barrick | Un lugar de valor","description":"Pueblo viejo un lugar de valor","potentialAction":[{"@type":"SearchAction","target":{"@type":"EntryPoint","urlTemplate":"https:\/\/puebloviejolugardevalor.com\/?s={search_term_string}"},"query-input":{"@type":"PropertyValueSpecification","valueRequired":true,"valueName":"search_term_string"}}],"inLanguage":"en-US"}]}},"_links":{"self":[{"href":"https:\/\/puebloviejolugardevalor.com\/en\/wp-json\/wp\/v2\/pages\/7449","targetHints":{"allow":["GET"]}}],"collection":[{"href":"https:\/\/puebloviejolugardevalor.com\/en\/wp-json\/wp\/v2\/pages"}],"about":[{"href":"https:\/\/puebloviejolugardevalor.com\/en\/wp-json\/wp\/v2\/types\/page"}],"author":[{"embeddable":true,"href":"https:\/\/puebloviejolugardevalor.com\/en\/wp-json\/wp\/v2\/users\/5"}],"replies":[{"embeddable":true,"href":"https:\/\/puebloviejolugardevalor.com\/en\/wp-json\/wp\/v2\/comments?post=7449"}],"version-history":[{"count":6,"href":"https:\/\/puebloviejolugardevalor.com\/en\/wp-json\/wp\/v2\/pages\/7449\/revisions"}],"predecessor-version":[{"id":7677,"href":"https:\/\/puebloviejolugardevalor.com\/en\/wp-json\/wp\/v2\/pages\/7449\/revisions\/7677"}],"wp:featuredmedia":[{"embeddable":true,"href":"https:\/\/puebloviejolugardevalor.com\/en\/wp-json\/wp\/v2\/media\/7645"}],"wp:attachment":[{"href":"https:\/\/puebloviejolugardevalor.com\/en\/wp-json\/wp\/v2\/media?parent=7449"}],"curies":[{"name":"wp","href":"https:\/\/api.w.org\/{rel}","templated":true}]}}