{"id":7452,"date":"2021-11-10T19:56:40","date_gmt":"2021-11-10T19:56:40","guid":{"rendered":"https:\/\/puebloviejolugardevalor.com\/mineria-moderna\/"},"modified":"2021-11-30T12:49:26","modified_gmt":"2021-11-30T16:49:26","slug":"mineria-moderna","status":"publish","type":"page","link":"https:\/\/puebloviejolugardevalor.com\/en\/mineria-moderna\/","title":{"rendered":"Modern Mining"},"content":{"rendered":"[vc_row type=&#8221;full_width_background&#8221; full_screen_row_position=&#8221;middle&#8221; column_margin=&#8221;default&#8221; column_direction=&#8221;default&#8221; column_direction_tablet=&#8221;default&#8221; column_direction_phone=&#8221;default&#8221; bg_image=&#8221;7647&#8243; bg_position=&#8221;center top&#8221; background_image_loading=&#8221;default&#8221; bg_repeat=&#8221;no-repeat&#8221; scene_position=&#8221;top&#8221; top_padding=&#8221;14%&#8221; bottom_padding=&#8221;12%&#8221; text_color=&#8221;light&#8221; text_align=&#8221;left&#8221; row_border_radius=&#8221;none&#8221; row_border_radius_applies=&#8221;bg&#8221; enable_gradient=&#8221;true&#8221; color_overlay=&#8221;#000000&#8243; color_overlay_2=&#8221;rgba(0,0,0,0.5)&#8221; overlay_strength=&#8221;0.5&#8243; gradient_direction=&#8221;left_to_right&#8221; shape_divider_position=&#8221;bottom&#8221; shape_divider_height=&#8221;350&#8243; bg_image_animation=&#8221;none&#8221; parallax_bg=&#8221;true&#8221; parallax_bg_speed=&#8221;fast&#8221; shape_type=&#8221;&#8221;][vc_column column_padding=&#8221;no-extra-padding&#8221; column_padding_tablet=&#8221;inherit&#8221; column_padding_phone=&#8221;inherit&#8221; column_padding_position=&#8221;all&#8221; column_element_spacing=&#8221;default&#8221; background_color_opacity=&#8221;1&#8243; background_hover_color_opacity=&#8221;1&#8243; column_shadow=&#8221;none&#8221; column_border_radius=&#8221;none&#8221; column_link_target=&#8221;_self&#8221; gradient_direction=&#8221;left_to_right&#8221; overlay_strength=&#8221;0.3&#8243; width=&#8221;1\/1&#8243; tablet_width_inherit=&#8221;default&#8221; tablet_text_alignment=&#8221;default&#8221; phone_text_alignment=&#8221;default&#8221; bg_image_animation=&#8221;none&#8221; border_type=&#8221;simple&#8221; column_border_width=&#8221;none&#8221; column_border_style=&#8221;solid&#8221;][vc_row_inner column_margin=&#8221;default&#8221; column_direction=&#8221;default&#8221; column_direction_tablet=&#8221;default&#8221; column_direction_phone=&#8221;default&#8221; text_align=&#8221;left&#8221;][vc_column_inner column_padding=&#8221;no-extra-padding&#8221; column_padding_tablet=&#8221;inherit&#8221; column_padding_phone=&#8221;inherit&#8221; column_padding_position=&#8221;all&#8221; column_element_spacing=&#8221;default&#8221; background_color_opacity=&#8221;1&#8243; background_hover_color_opacity=&#8221;1&#8243; column_shadow=&#8221;none&#8221; column_border_radius=&#8221;none&#8221; column_link_target=&#8221;_self&#8221; gradient_direction=&#8221;left_to_right&#8221; overlay_strength=&#8221;0.3&#8243; width=&#8221;2\/3&#8243; tablet_width_inherit=&#8221;default&#8221; bg_image_animation=&#8221;none&#8221; border_type=&#8221;simple&#8221; column_border_width=&#8221;none&#8221; column_border_style=&#8221;solid&#8221;][split_line_heading animation_type=&#8221;default&#8221;]\n<h1>Modern Mining<\/h1>\n[\/split_line_heading][vc_column_text]\n<h3><em>A place with BEST PRACTICES is a place of value<\/em><\/h3>\n[\/vc_column_text][\/vc_column_inner][vc_column_inner column_padding=&#8221;no-extra-padding&#8221; column_padding_tablet=&#8221;inherit&#8221; column_padding_phone=&#8221;inherit&#8221; column_padding_position=&#8221;all&#8221; column_element_spacing=&#8221;default&#8221; background_color_opacity=&#8221;1&#8243; background_hover_color_opacity=&#8221;1&#8243; column_shadow=&#8221;none&#8221; column_border_radius=&#8221;none&#8221; column_link_target=&#8221;_self&#8221; gradient_direction=&#8221;left_to_right&#8221; overlay_strength=&#8221;0.3&#8243; width=&#8221;1\/3&#8243; tablet_width_inherit=&#8221;default&#8221; bg_image_animation=&#8221;none&#8221; border_type=&#8221;simple&#8221; column_border_width=&#8221;none&#8221; column_border_style=&#8221;solid&#8221;][\/vc_column_inner][\/vc_row_inner][\/vc_column][\/vc_row][vc_row type=&#8221;full_width_content&#8221; full_screen_row_position=&#8221;middle&#8221; column_margin=&#8221;default&#8221; column_direction=&#8221;default&#8221; column_direction_tablet=&#8221;default&#8221; column_direction_phone=&#8221;default&#8221; scene_position=&#8221;center&#8221; top_padding=&#8221;5%&#8221; bottom_padding=&#8221;5%&#8221; text_color=&#8221;dark&#8221; text_align=&#8221;left&#8221; row_border_radius=&#8221;none&#8221; row_border_radius_applies=&#8221;bg&#8221; overlay_strength=&#8221;0.3&#8243; gradient_direction=&#8221;left_to_right&#8221; shape_divider_position=&#8221;bottom&#8221; bg_image_animation=&#8221;none&#8221; shape_type=&#8221;&#8221;][vc_column column_padding=&#8221;padding-6-percent&#8221; column_padding_tablet=&#8221;inherit&#8221; column_padding_phone=&#8221;inherit&#8221; column_padding_position=&#8221;left-right&#8221; column_element_spacing=&#8221;default&#8221; centered_text=&#8221;true&#8221; background_color_opacity=&#8221;1&#8243; background_hover_color_opacity=&#8221;1&#8243; font_color=&#8221;#dd9933&#8243; column_shadow=&#8221;none&#8221; column_border_radius=&#8221;none&#8221; column_link_target=&#8221;_self&#8221; gradient_direction=&#8221;left_to_right&#8221; overlay_strength=&#8221;0.3&#8243; width=&#8221;1\/1&#8243; tablet_width_inherit=&#8221;default&#8221; tablet_text_alignment=&#8221;default&#8221; phone_text_alignment=&#8221;default&#8221; bg_image_animation=&#8221;none&#8221; border_type=&#8221;simple&#8221; column_border_width=&#8221;none&#8221; column_border_style=&#8221;solid&#8221;][vc_column_text]\n<h4>Since its inception, Barrick Pueblo Viejo has been the driving force behind a great wave of positive change through responsible mining. Previous efforts have led the general public to believe that mining is synonymous with harm, but the reality is that the mining sector continues to reinvent itself thanks to the example of administrations such as Barrick.<\/h4>\n[\/vc_column_text][\/vc_column][\/vc_row][vc_row type=&#8221;full_width_content&#8221; full_screen_row_position=&#8221;middle&#8221; column_margin=&#8221;none&#8221; column_direction=&#8221;default&#8221; column_direction_tablet=&#8221;default&#8221; column_direction_phone=&#8221;default&#8221; scene_position=&#8221;center&#8221; bottom_padding=&#8221;5%&#8221; text_color=&#8221;dark&#8221; text_align=&#8221;left&#8221; row_border_radius=&#8221;none&#8221; row_border_radius_applies=&#8221;bg&#8221; disable_element=&#8221;yes&#8221; overlay_strength=&#8221;0.3&#8243; gradient_direction=&#8221;left_to_right&#8221; shape_divider_position=&#8221;bottom&#8221; bg_image_animation=&#8221;none&#8221; shape_type=&#8221;&#8221;][vc_column column_padding=&#8221;no-extra-padding&#8221; column_padding_tablet=&#8221;inherit&#8221; column_padding_phone=&#8221;inherit&#8221; column_padding_position=&#8221;all&#8221; column_element_spacing=&#8221;default&#8221; background_color_opacity=&#8221;1&#8243; background_hover_color_opacity=&#8221;1&#8243; column_shadow=&#8221;none&#8221; column_border_radius=&#8221;none&#8221; column_link_target=&#8221;_self&#8221; gradient_direction=&#8221;left_to_right&#8221; overlay_strength=&#8221;0.3&#8243; width=&#8221;1\/6&#8243; tablet_width_inherit=&#8221;default&#8221; tablet_text_alignment=&#8221;default&#8221; phone_text_alignment=&#8221;default&#8221; bg_image_animation=&#8221;none&#8221; border_type=&#8221;simple&#8221; column_border_width=&#8221;none&#8221; column_border_style=&#8221;solid&#8221;][\/vc_column][vc_column column_padding=&#8221;no-extra-padding&#8221; column_padding_tablet=&#8221;inherit&#8221; column_padding_phone=&#8221;inherit&#8221; column_padding_position=&#8221;all&#8221; column_element_spacing=&#8221;default&#8221; background_color_opacity=&#8221;1&#8243; background_hover_color_opacity=&#8221;1&#8243; column_shadow=&#8221;none&#8221; column_border_radius=&#8221;none&#8221; column_link_target=&#8221;_self&#8221; gradient_direction=&#8221;left_to_right&#8221; overlay_strength=&#8221;0.3&#8243; width=&#8221;2\/3&#8243; tablet_width_inherit=&#8221;default&#8221; tablet_text_alignment=&#8221;default&#8221; phone_text_alignment=&#8221;default&#8221; bg_image_animation=&#8221;none&#8221; border_type=&#8221;simple&#8221; column_border_width=&#8221;none&#8221; column_border_style=&#8221;solid&#8221;][nectar_image_comparison image_url=&#8221;6261&#8243; image_2_url=&#8221;6261&#8243;][\/vc_column][vc_column column_padding=&#8221;no-extra-padding&#8221; column_padding_tablet=&#8221;inherit&#8221; column_padding_phone=&#8221;inherit&#8221; column_padding_position=&#8221;all&#8221; column_element_spacing=&#8221;default&#8221; background_color_opacity=&#8221;1&#8243; background_hover_color_opacity=&#8221;1&#8243; column_shadow=&#8221;none&#8221; column_border_radius=&#8221;none&#8221; column_link_target=&#8221;_self&#8221; gradient_direction=&#8221;left_to_right&#8221; overlay_strength=&#8221;0.3&#8243; width=&#8221;1\/6&#8243; tablet_width_inherit=&#8221;default&#8221; tablet_text_alignment=&#8221;default&#8221; phone_text_alignment=&#8221;default&#8221; bg_image_animation=&#8221;none&#8221; border_type=&#8221;simple&#8221; column_border_width=&#8221;none&#8221; column_border_style=&#8221;solid&#8221;][\/vc_column][\/vc_row][vc_row type=&#8221;in_container&#8221; full_screen_row_position=&#8221;middle&#8221; column_margin=&#8221;default&#8221; column_direction=&#8221;default&#8221; column_direction_tablet=&#8221;default&#8221; column_direction_phone=&#8221;default&#8221; scene_position=&#8221;center&#8221; text_color=&#8221;dark&#8221; text_align=&#8221;left&#8221; row_border_radius=&#8221;none&#8221; row_border_radius_applies=&#8221;bg&#8221; overlay_strength=&#8221;0.3&#8243; gradient_direction=&#8221;left_to_right&#8221; shape_divider_position=&#8221;bottom&#8221; bg_image_animation=&#8221;none&#8221;][vc_column column_padding=&#8221;no-extra-padding&#8221; column_padding_tablet=&#8221;inherit&#8221; column_padding_phone=&#8221;inherit&#8221; column_padding_position=&#8221;all&#8221; column_element_spacing=&#8221;default&#8221; background_color_opacity=&#8221;1&#8243; background_hover_color_opacity=&#8221;1&#8243; column_shadow=&#8221;none&#8221; column_border_radius=&#8221;none&#8221; column_link_target=&#8221;_self&#8221; gradient_direction=&#8221;left_to_right&#8221; overlay_strength=&#8221;0.3&#8243; width=&#8221;1\/1&#8243; tablet_width_inherit=&#8221;default&#8221; tablet_text_alignment=&#8221;default&#8221; phone_text_alignment=&#8221;default&#8221; bg_image_animation=&#8221;none&#8221; border_type=&#8221;simple&#8221; column_border_width=&#8221;none&#8221; column_border_style=&#8221;solid&#8221;][vc_custom_heading text=&#8221;How do we do it?&#8221; font_container=&#8221;tag:h2|text_align:center|color:%23a38029&#8243; use_theme_fonts=&#8221;yes&#8221;][\/vc_column][\/vc_row][vc_row type=&#8221;full_width_content&#8221; full_screen_row_position=&#8221;middle&#8221; column_margin=&#8221;default&#8221; equal_height=&#8221;yes&#8221; column_direction=&#8221;default&#8221; column_direction_tablet=&#8221;default&#8221; column_direction_phone=&#8221;default&#8221; scene_position=&#8221;center&#8221; text_color=&#8221;dark&#8221; text_align=&#8221;left&#8221; row_border_radius=&#8221;none&#8221; row_border_radius_applies=&#8221;bg&#8221; overlay_strength=&#8221;0.3&#8243; gradient_direction=&#8221;left_to_right&#8221; shape_divider_position=&#8221;bottom&#8221; bg_image_animation=&#8221;none&#8221; shape_type=&#8221;&#8221;][vc_column column_padding=&#8221;no-extra-padding&#8221; column_padding_tablet=&#8221;inherit&#8221; column_padding_phone=&#8221;inherit&#8221; column_padding_position=&#8221;all&#8221; column_element_spacing=&#8221;default&#8221; background_color_opacity=&#8221;1&#8243; background_hover_color_opacity=&#8221;1&#8243; column_shadow=&#8221;none&#8221; column_border_radius=&#8221;none&#8221; column_link_target=&#8221;_self&#8221; gradient_direction=&#8221;left_to_right&#8221; overlay_strength=&#8221;0.3&#8243; width=&#8221;1\/3&#8243; tablet_width_inherit=&#8221;default&#8221; tablet_text_alignment=&#8221;default&#8221; phone_text_alignment=&#8221;default&#8221; bg_image_animation=&#8221;none&#8221; enable_animation=&#8221;true&#8221; animation=&#8221;grow-in&#8221; border_type=&#8221;simple&#8221; column_border_width=&#8221;none&#8221; column_border_style=&#8221;solid&#8221;][fancy_box box_style=&#8221;parallax_hover&#8221; icon_family=&#8221;custom&#8221; custom_icon_image=&#8221;7262&#8243; image_url=&#8221;6816&#8243; parallax_hover_box_alignment=&#8221;middle&#8221; parallax_hover_box_overlay_opacity=&#8221;0.6&#8243; parallax_hover_box_overlay_opacity_hover=&#8221;0.2&#8243; border_radius=&#8221;default&#8221; image_loading=&#8221;default&#8221; min_height=&#8221;685&#8243; icon_size=&#8221;90&#8243;]\n<h4>Environmental<br \/>\nProtection<\/h4>\n<p>We are committed to responsible and environmentally friendly mining. Our reforestation programs include the planting of hundreds of trees and shrubs, the relocation of native species and soil rehabilitation.<\/p>\n<p><strong>Protecting the environment is everyone&#8217;s job!<\/strong>[\/fancy_box][\/vc_column][vc_column column_padding=&#8221;no-extra-padding&#8221; column_padding_tablet=&#8221;inherit&#8221; column_padding_phone=&#8221;inherit&#8221; column_padding_position=&#8221;all&#8221; column_element_spacing=&#8221;default&#8221; background_color_opacity=&#8221;1&#8243; background_hover_color_opacity=&#8221;1&#8243; column_shadow=&#8221;none&#8221; column_border_radius=&#8221;none&#8221; column_link_target=&#8221;_self&#8221; gradient_direction=&#8221;left_to_right&#8221; overlay_strength=&#8221;0.3&#8243; width=&#8221;1\/3&#8243; tablet_width_inherit=&#8221;default&#8221; tablet_text_alignment=&#8221;default&#8221; phone_text_alignment=&#8221;default&#8221; bg_image_animation=&#8221;none&#8221; enable_animation=&#8221;true&#8221; animation=&#8221;grow-in&#8221; border_type=&#8221;simple&#8221; column_border_width=&#8221;none&#8221; column_border_style=&#8221;solid&#8221; delay=&#8221;200&#8243;][fancy_box box_style=&#8221;parallax_hover&#8221; icon_family=&#8221;fontawesome&#8221; image_url=&#8221;6584&#8243; parallax_hover_box_alignment=&#8221;middle&#8221; parallax_hover_box_overlay_opacity=&#8221;0.6&#8243; parallax_hover_box_overlay_opacity_hover=&#8221;0.2&#8243; border_radius=&#8221;default&#8221; image_loading=&#8221;default&#8221; min_height=&#8221;685&#8243; icon_fontawesome=&#8221;fa fa-users&#8221;]\n<h4>Commitment to<br \/>\nthe Community<\/h4>\n<p>We empower communities by creating new opportunities for everyone. With our community support programs, we have encouraged fishermen, farmers, artisans, and beekeepers to enhance their skills.<\/p>\n<p><strong>A place of value is a society that moves forward with its people!<\/strong>[\/fancy_box][\/vc_column][vc_column column_padding=&#8221;no-extra-padding&#8221; column_padding_tablet=&#8221;inherit&#8221; column_padding_phone=&#8221;inherit&#8221; column_padding_position=&#8221;all&#8221; column_element_spacing=&#8221;default&#8221; background_color_opacity=&#8221;1&#8243; background_hover_color_opacity=&#8221;1&#8243; column_shadow=&#8221;none&#8221; column_border_radius=&#8221;none&#8221; column_link_target=&#8221;_self&#8221; gradient_direction=&#8221;left_to_right&#8221; overlay_strength=&#8221;0.3&#8243; width=&#8221;1\/3&#8243; tablet_width_inherit=&#8221;default&#8221; tablet_text_alignment=&#8221;default&#8221; phone_text_alignment=&#8221;default&#8221; bg_image_animation=&#8221;none&#8221; enable_animation=&#8221;true&#8221; animation=&#8221;grow-in&#8221; border_type=&#8221;simple&#8221; column_border_width=&#8221;none&#8221; column_border_style=&#8221;solid&#8221; delay=&#8221;100&#8243;][fancy_box box_style=&#8221;parallax_hover&#8221; icon_family=&#8221;fontawesome&#8221; image_url=&#8221;6838&#8243; parallax_hover_box_alignment=&#8221;middle&#8221; parallax_hover_box_overlay_opacity=&#8221;0.6&#8243; parallax_hover_box_overlay_opacity_hover=&#8221;0.2&#8243; border_radius=&#8221;default&#8221; image_loading=&#8221;default&#8221; min_height=&#8221;685&#8243; icon_fontawesome=&#8221;fa fa-bookmark&#8221; min_height_phone=&#8221;350&#8243;]\n<h4>Effective Resource<br \/>\nManagement<\/h4>\n<p>Barrick Pueblo Viejo transformed environmental management by deploying the latest technologies to safeguard the area&#8217;s natural resources with a view to reducing environmental impact.<\/p>\n<p><strong>Proper resource management is a model of operational excellence!<\/strong>[\/fancy_box][\/vc_column][\/vc_row]\n","protected":false},"excerpt":{"rendered":"<p>[vc_row type=&#8221;full_width_background&#8221; full_screen_row_position=&#8221;middle&#8221; column_margin=&#8221;default&#8221; column_direction=&#8221;default&#8221; column_direction_tablet=&#8221;default&#8221; column_direction_phone=&#8221;default&#8221; bg_image=&#8221;7647&#8243; bg_position=&#8221;center top&#8221; background_image_loading=&#8221;default&#8221; bg_repeat=&#8221;no-repeat&#8221; scene_position=&#8221;top&#8221; top_padding=&#8221;14%&#8221; bottom_padding=&#8221;12%&#8221;&#8230;<\/p>\n","protected":false},"author":5,"featured_media":7647,"parent":0,"menu_order":0,"comment_status":"closed","ping_status":"closed","template":"","meta":{"footnotes":""},"class_list":["post-7452","page","type-page","status-publish","has-post-thumbnail"],"yoast_head":"<!-- This site is optimized with the Yoast SEO plugin v27.3 - https:\/\/yoast.com\/product\/yoast-seo-wordpress\/ -->\n<title>Modern Mining - Barrick | Un lugar de valor<\/title>\n<meta name=\"description\" content=\"Barrick Pueblo Viejo es un lugar de valor por los resultados de casi 15 a\u00f1os de miner\u00eda responsable en el pa\u00eds en aspectos sociales, medioambientales y econ\u00f3micos.\" \/>\n<meta name=\"robots\" content=\"index, follow, max-snippet:-1, max-image-preview:large, max-video-preview:-1\" \/>\n<link rel=\"canonical\" href=\"https:\/\/puebloviejolugardevalor.com\/mineria-moderna\/\" \/>\n<meta property=\"og:locale\" content=\"en_US\" \/>\n<meta property=\"og:type\" content=\"article\" \/>\n<meta property=\"og:title\" content=\"Modern Mining - Barrick | Un lugar de valor\" \/>\n<meta property=\"og:description\" content=\"Barrick Pueblo Viejo es un lugar de valor por los resultados de casi 15 a\u00f1os de miner\u00eda responsable en el pa\u00eds en aspectos sociales, medioambientales y econ\u00f3micos.\" \/>\n<meta property=\"og:url\" content=\"https:\/\/puebloviejolugardevalor.com\/mineria-moderna\/\" \/>\n<meta property=\"og:site_name\" content=\"Barrick | Un lugar de valor\" \/>\n<meta property=\"article:modified_time\" content=\"2021-11-30T16:49:26+00:00\" \/>\n<meta property=\"og:image\" content=\"https:\/\/puebloviejolugardevalor.com\/wp-content\/uploads\/2021\/11\/Mesa-de-trabajo-11.jpg\" \/>\n\t<meta property=\"og:image:width\" content=\"1478\" \/>\n\t<meta property=\"og:image:height\" content=\"831\" \/>\n\t<meta property=\"og:image:type\" content=\"image\/jpeg\" \/>\n<meta name=\"twitter:card\" content=\"summary_large_image\" \/>\n<meta name=\"twitter:description\" content=\"Barrick Pueblo Viejo es un lugar de valor por los resultados de casi 15 a\u00f1os de miner\u00eda responsable en el pa\u00eds en aspectos sociales, medioambientales y econ\u00f3micos.\" \/>\n<meta name=\"twitter:image\" content=\"https:\/\/puebloviejolugardevalor.com\/wp-content\/uploads\/2021\/11\/Mesa-de-trabajo-11.jpg\" \/>\n<meta name=\"twitter:label1\" content=\"Est. reading time\" \/>\n\t<meta name=\"twitter:data1\" content=\"3 minutes\" \/>\n<script type=\"application\/ld+json\" class=\"yoast-schema-graph\">{\"@context\":\"https:\\\/\\\/schema.org\",\"@graph\":[{\"@type\":\"WebPage\",\"@id\":\"https:\\\/\\\/puebloviejolugardevalor.com\\\/mineria-moderna\\\/\",\"url\":\"https:\\\/\\\/puebloviejolugardevalor.com\\\/mineria-moderna\\\/\",\"name\":\"Modern Mining - Barrick | Un lugar de valor\",\"isPartOf\":{\"@id\":\"https:\\\/\\\/puebloviejolugardevalor.com\\\/#website\"},\"primaryImageOfPage\":{\"@id\":\"https:\\\/\\\/puebloviejolugardevalor.com\\\/mineria-moderna\\\/#primaryimage\"},\"image\":{\"@id\":\"https:\\\/\\\/puebloviejolugardevalor.com\\\/mineria-moderna\\\/#primaryimage\"},\"thumbnailUrl\":\"https:\\\/\\\/puebloviejolugardevalor.com\\\/wp-content\\\/uploads\\\/2021\\\/11\\\/Mesa-de-trabajo-11.jpg\",\"datePublished\":\"2021-11-10T19:56:40+00:00\",\"dateModified\":\"2021-11-30T16:49:26+00:00\",\"description\":\"Barrick Pueblo Viejo es un lugar de valor por los resultados de casi 15 a\u00f1os de miner\u00eda responsable en el pa\u00eds en aspectos sociales, medioambientales y econ\u00f3micos.\",\"breadcrumb\":{\"@id\":\"https:\\\/\\\/puebloviejolugardevalor.com\\\/mineria-moderna\\\/#breadcrumb\"},\"inLanguage\":\"en-US\",\"potentialAction\":[{\"@type\":\"ReadAction\",\"target\":[\"https:\\\/\\\/puebloviejolugardevalor.com\\\/mineria-moderna\\\/\"]}]},{\"@type\":\"ImageObject\",\"inLanguage\":\"en-US\",\"@id\":\"https:\\\/\\\/puebloviejolugardevalor.com\\\/mineria-moderna\\\/#primaryimage\",\"url\":\"https:\\\/\\\/puebloviejolugardevalor.com\\\/wp-content\\\/uploads\\\/2021\\\/11\\\/Mesa-de-trabajo-11.jpg\",\"contentUrl\":\"https:\\\/\\\/puebloviejolugardevalor.com\\\/wp-content\\\/uploads\\\/2021\\\/11\\\/Mesa-de-trabajo-11.jpg\",\"width\":1478,\"height\":831},{\"@type\":\"BreadcrumbList\",\"@id\":\"https:\\\/\\\/puebloviejolugardevalor.com\\\/mineria-moderna\\\/#breadcrumb\",\"itemListElement\":[{\"@type\":\"ListItem\",\"position\":1,\"name\":\"Inicio\",\"item\":\"https:\\\/\\\/puebloviejolugardevalor.com\\\/\"},{\"@type\":\"ListItem\",\"position\":2,\"name\":\"Modern Mining\"}]},{\"@type\":\"WebSite\",\"@id\":\"https:\\\/\\\/puebloviejolugardevalor.com\\\/#website\",\"url\":\"https:\\\/\\\/puebloviejolugardevalor.com\\\/\",\"name\":\"Barrick | Un lugar de valor\",\"description\":\"Pueblo viejo un lugar de valor\",\"potentialAction\":[{\"@type\":\"SearchAction\",\"target\":{\"@type\":\"EntryPoint\",\"urlTemplate\":\"https:\\\/\\\/puebloviejolugardevalor.com\\\/?s={search_term_string}\"},\"query-input\":{\"@type\":\"PropertyValueSpecification\",\"valueRequired\":true,\"valueName\":\"search_term_string\"}}],\"inLanguage\":\"en-US\"}]}<\/script>\n<!-- \/ Yoast SEO plugin. -->","yoast_head_json":{"title":"Modern Mining - Barrick | Un lugar de valor","description":"Barrick Pueblo Viejo es un lugar de valor por los resultados de casi 15 a\u00f1os de miner\u00eda responsable en el pa\u00eds en aspectos sociales, medioambientales y econ\u00f3micos.","robots":{"index":"index","follow":"follow","max-snippet":"max-snippet:-1","max-image-preview":"max-image-preview:large","max-video-preview":"max-video-preview:-1"},"canonical":"https:\/\/puebloviejolugardevalor.com\/mineria-moderna\/","og_locale":"en_US","og_type":"article","og_title":"Modern Mining - Barrick | Un lugar de valor","og_description":"Barrick Pueblo Viejo es un lugar de valor por los resultados de casi 15 a\u00f1os de miner\u00eda responsable en el pa\u00eds en aspectos sociales, medioambientales y econ\u00f3micos.","og_url":"https:\/\/puebloviejolugardevalor.com\/mineria-moderna\/","og_site_name":"Barrick | Un lugar de valor","article_modified_time":"2021-11-30T16:49:26+00:00","og_image":[{"width":1478,"height":831,"url":"https:\/\/puebloviejolugardevalor.com\/wp-content\/uploads\/2021\/11\/Mesa-de-trabajo-11.jpg","type":"image\/jpeg"}],"twitter_card":"summary_large_image","twitter_description":"Barrick Pueblo Viejo es un lugar de valor por los resultados de casi 15 a\u00f1os de miner\u00eda responsable en el pa\u00eds en aspectos sociales, medioambientales y econ\u00f3micos.","twitter_image":"https:\/\/puebloviejolugardevalor.com\/wp-content\/uploads\/2021\/11\/Mesa-de-trabajo-11.jpg","twitter_misc":{"Est. reading time":"3 minutes"},"schema":{"@context":"https:\/\/schema.org","@graph":[{"@type":"WebPage","@id":"https:\/\/puebloviejolugardevalor.com\/mineria-moderna\/","url":"https:\/\/puebloviejolugardevalor.com\/mineria-moderna\/","name":"Modern Mining - Barrick | Un lugar de valor","isPartOf":{"@id":"https:\/\/puebloviejolugardevalor.com\/#website"},"primaryImageOfPage":{"@id":"https:\/\/puebloviejolugardevalor.com\/mineria-moderna\/#primaryimage"},"image":{"@id":"https:\/\/puebloviejolugardevalor.com\/mineria-moderna\/#primaryimage"},"thumbnailUrl":"https:\/\/puebloviejolugardevalor.com\/wp-content\/uploads\/2021\/11\/Mesa-de-trabajo-11.jpg","datePublished":"2021-11-10T19:56:40+00:00","dateModified":"2021-11-30T16:49:26+00:00","description":"Barrick Pueblo Viejo es un lugar de valor por los resultados de casi 15 a\u00f1os de miner\u00eda responsable en el pa\u00eds en aspectos sociales, medioambientales y econ\u00f3micos.","breadcrumb":{"@id":"https:\/\/puebloviejolugardevalor.com\/mineria-moderna\/#breadcrumb"},"inLanguage":"en-US","potentialAction":[{"@type":"ReadAction","target":["https:\/\/puebloviejolugardevalor.com\/mineria-moderna\/"]}]},{"@type":"ImageObject","inLanguage":"en-US","@id":"https:\/\/puebloviejolugardevalor.com\/mineria-moderna\/#primaryimage","url":"https:\/\/puebloviejolugardevalor.com\/wp-content\/uploads\/2021\/11\/Mesa-de-trabajo-11.jpg","contentUrl":"https:\/\/puebloviejolugardevalor.com\/wp-content\/uploads\/2021\/11\/Mesa-de-trabajo-11.jpg","width":1478,"height":831},{"@type":"BreadcrumbList","@id":"https:\/\/puebloviejolugardevalor.com\/mineria-moderna\/#breadcrumb","itemListElement":[{"@type":"ListItem","position":1,"name":"Inicio","item":"https:\/\/puebloviejolugardevalor.com\/"},{"@type":"ListItem","position":2,"name":"Modern Mining"}]},{"@type":"WebSite","@id":"https:\/\/puebloviejolugardevalor.com\/#website","url":"https:\/\/puebloviejolugardevalor.com\/","name":"Barrick | Un lugar de valor","description":"Pueblo viejo un lugar de valor","potentialAction":[{"@type":"SearchAction","target":{"@type":"EntryPoint","urlTemplate":"https:\/\/puebloviejolugardevalor.com\/?s={search_term_string}"},"query-input":{"@type":"PropertyValueSpecification","valueRequired":true,"valueName":"search_term_string"}}],"inLanguage":"en-US"}]}},"_links":{"self":[{"href":"https:\/\/puebloviejolugardevalor.com\/en\/wp-json\/wp\/v2\/pages\/7452","targetHints":{"allow":["GET"]}}],"collection":[{"href":"https:\/\/puebloviejolugardevalor.com\/en\/wp-json\/wp\/v2\/pages"}],"about":[{"href":"https:\/\/puebloviejolugardevalor.com\/en\/wp-json\/wp\/v2\/types\/page"}],"author":[{"embeddable":true,"href":"https:\/\/puebloviejolugardevalor.com\/en\/wp-json\/wp\/v2\/users\/5"}],"replies":[{"embeddable":true,"href":"https:\/\/puebloviejolugardevalor.com\/en\/wp-json\/wp\/v2\/comments?post=7452"}],"version-history":[{"count":4,"href":"https:\/\/puebloviejolugardevalor.com\/en\/wp-json\/wp\/v2\/pages\/7452\/revisions"}],"predecessor-version":[{"id":7661,"href":"https:\/\/puebloviejolugardevalor.com\/en\/wp-json\/wp\/v2\/pages\/7452\/revisions\/7661"}],"wp:featuredmedia":[{"embeddable":true,"href":"https:\/\/puebloviejolugardevalor.com\/en\/wp-json\/wp\/v2\/media\/7647"}],"wp:attachment":[{"href":"https:\/\/puebloviejolugardevalor.com\/en\/wp-json\/wp\/v2\/media?parent=7452"}],"curies":[{"name":"wp","href":"https:\/\/api.w.org\/{rel}","templated":true}]}}