{"id":7484,"date":"2021-11-16T18:50:42","date_gmt":"2021-11-16T18:50:42","guid":{"rendered":"https:\/\/puebloviejolugardevalor.com\/sala-de-comunicacion\/"},"modified":"2021-11-30T12:48:05","modified_gmt":"2021-11-30T16:48:05","slug":"sala-de-comunicacion","status":"publish","type":"page","link":"https:\/\/puebloviejolugardevalor.com\/en\/sala-de-comunicacion\/","title":{"rendered":"Communication room"},"content":{"rendered":"[vc_row type=&#8221;in_container&#8221; full_screen_row_position=&#8221;middle&#8221; column_margin=&#8221;default&#8221; column_direction=&#8221;default&#8221; column_direction_tablet=&#8221;default&#8221; column_direction_phone=&#8221;default&#8221; scene_position=&#8221;center&#8221; top_padding=&#8221;5%&#8221; bottom_padding=&#8221;5%&#8221; text_color=&#8221;dark&#8221; text_align=&#8221;left&#8221; row_border_radius=&#8221;none&#8221; row_border_radius_applies=&#8221;bg&#8221; overlay_strength=&#8221;0.3&#8243; gradient_direction=&#8221;left_to_right&#8221; shape_divider_position=&#8221;bottom&#8221; bg_image_animation=&#8221;none&#8221; shape_type=&#8221;&#8221;][vc_column column_padding=&#8221;no-extra-padding&#8221; column_padding_tablet=&#8221;inherit&#8221; column_padding_phone=&#8221;inherit&#8221; column_padding_position=&#8221;all&#8221; column_element_spacing=&#8221;default&#8221; background_color_opacity=&#8221;1&#8243; background_hover_color_opacity=&#8221;1&#8243; column_shadow=&#8221;none&#8221; column_border_radius=&#8221;none&#8221; column_link_target=&#8221;_self&#8221; gradient_direction=&#8221;left_to_right&#8221; overlay_strength=&#8221;0.3&#8243; width=&#8221;1\/1&#8243; tablet_width_inherit=&#8221;default&#8221; tablet_text_alignment=&#8221;default&#8221; phone_text_alignment=&#8221;default&#8221; bg_image_animation=&#8221;none&#8221; border_type=&#8221;simple&#8221; column_border_width=&#8221;none&#8221; column_border_style=&#8221;solid&#8221;][nectar_blog layout=&#8221;std-blog-sidebar&#8221; blog_standard_style=&#8221;featured_img_left&#8221; load_in_animation=&#8221;none&#8221; category=&#8221;all&#8221; order=&#8221;DESC&#8221; orderby=&#8221;date&#8221; blog_remove_post_author=&#8221;true&#8221; blog_remove_post_comment_number=&#8221;true&#8221; blog_remove_post_nectar_love=&#8221;true&#8221; posts_per_page=&#8221;4&#8243;][\/vc_column][\/vc_row]\n","protected":false},"excerpt":{"rendered":"<p>[vc_row type=&#8221;in_container&#8221; full_screen_row_position=&#8221;middle&#8221; column_margin=&#8221;default&#8221; column_direction=&#8221;default&#8221; column_direction_tablet=&#8221;default&#8221; column_direction_phone=&#8221;default&#8221; scene_position=&#8221;center&#8221; top_padding=&#8221;5%&#8221; bottom_padding=&#8221;5%&#8221; text_color=&#8221;dark&#8221; text_align=&#8221;left&#8221; row_border_radius=&#8221;none&#8221; row_border_radius_applies=&#8221;bg&#8221; overlay_strength=&#8221;0.3&#8243;&#8230;<\/p>\n","protected":false},"author":5,"featured_media":7657,"parent":0,"menu_order":0,"comment_status":"closed","ping_status":"closed","template":"","meta":{"footnotes":""},"class_list":["post-7484","page","type-page","status-publish","has-post-thumbnail"],"yoast_head":"<!-- This site is optimized with the Yoast SEO plugin v27.3 - https:\/\/yoast.com\/product\/yoast-seo-wordpress\/ -->\n<title>Communication room - Barrick | Un lugar de valor<\/title>\n<meta name=\"description\" content=\"Barrick Pueblo Viejo es un lugar de valor por los resultados de casi 15 a\u00f1os de miner\u00eda responsable en el pa\u00eds en aspectos sociales, medioambientales y econ\u00f3micos.\" \/>\n<meta name=\"robots\" content=\"index, follow, max-snippet:-1, max-image-preview:large, max-video-preview:-1\" \/>\n<link rel=\"canonical\" href=\"https:\/\/puebloviejolugardevalor.com\/?page_id=6675\" \/>\n<meta property=\"og:locale\" content=\"en_US\" \/>\n<meta property=\"og:type\" content=\"article\" \/>\n<meta property=\"og:title\" content=\"Communication room - Barrick | Un lugar de valor\" \/>\n<meta property=\"og:description\" content=\"Barrick Pueblo Viejo es un lugar de valor por los resultados de casi 15 a\u00f1os de miner\u00eda responsable en el pa\u00eds en aspectos sociales, medioambientales y econ\u00f3micos.\" \/>\n<meta property=\"og:url\" content=\"https:\/\/puebloviejolugardevalor.com\/?page_id=6675\" \/>\n<meta property=\"og:site_name\" content=\"Barrick | Un lugar de valor\" \/>\n<meta property=\"article:modified_time\" content=\"2021-11-30T16:48:05+00:00\" \/>\n<meta property=\"og:image\" content=\"https:\/\/puebloviejolugardevalor.com\/wp-content\/uploads\/2021\/11\/Mesa-de-trabajo-9.jpg\" \/>\n\t<meta property=\"og:image:width\" content=\"1459\" \/>\n\t<meta property=\"og:image:height\" content=\"821\" \/>\n\t<meta property=\"og:image:type\" content=\"image\/jpeg\" \/>\n<meta name=\"twitter:card\" content=\"summary_large_image\" \/>\n<meta name=\"twitter:description\" content=\"Barrick Pueblo Viejo es un lugar de valor por los resultados de casi 15 a\u00f1os de miner\u00eda responsable en el pa\u00eds en aspectos sociales, medioambientales y econ\u00f3micos.\" \/>\n<meta name=\"twitter:image\" content=\"https:\/\/puebloviejolugardevalor.com\/wp-content\/uploads\/2021\/11\/Mesa-de-trabajo-9.jpg\" \/>\n<meta name=\"twitter:label1\" content=\"Est. reading time\" \/>\n\t<meta name=\"twitter:data1\" content=\"1 minute\" \/>\n<script type=\"application\/ld+json\" class=\"yoast-schema-graph\">{\"@context\":\"https:\\\/\\\/schema.org\",\"@graph\":[{\"@type\":\"WebPage\",\"@id\":\"https:\\\/\\\/puebloviejolugardevalor.com\\\/?page_id=6675\",\"url\":\"https:\\\/\\\/puebloviejolugardevalor.com\\\/?page_id=6675\",\"name\":\"Communication room - Barrick | Un lugar de valor\",\"isPartOf\":{\"@id\":\"https:\\\/\\\/puebloviejolugardevalor.com\\\/#website\"},\"primaryImageOfPage\":{\"@id\":\"https:\\\/\\\/puebloviejolugardevalor.com\\\/?page_id=6675#primaryimage\"},\"image\":{\"@id\":\"https:\\\/\\\/puebloviejolugardevalor.com\\\/?page_id=6675#primaryimage\"},\"thumbnailUrl\":\"https:\\\/\\\/puebloviejolugardevalor.com\\\/wp-content\\\/uploads\\\/2021\\\/11\\\/Mesa-de-trabajo-9.jpg\",\"datePublished\":\"2021-11-16T18:50:42+00:00\",\"dateModified\":\"2021-11-30T16:48:05+00:00\",\"description\":\"Barrick Pueblo Viejo es un lugar de valor por los resultados de casi 15 a\u00f1os de miner\u00eda responsable en el pa\u00eds en aspectos sociales, medioambientales y econ\u00f3micos.\",\"breadcrumb\":{\"@id\":\"https:\\\/\\\/puebloviejolugardevalor.com\\\/?page_id=6675#breadcrumb\"},\"inLanguage\":\"en-US\",\"potentialAction\":[{\"@type\":\"ReadAction\",\"target\":[\"https:\\\/\\\/puebloviejolugardevalor.com\\\/?page_id=6675\"]}]},{\"@type\":\"ImageObject\",\"inLanguage\":\"en-US\",\"@id\":\"https:\\\/\\\/puebloviejolugardevalor.com\\\/?page_id=6675#primaryimage\",\"url\":\"https:\\\/\\\/puebloviejolugardevalor.com\\\/wp-content\\\/uploads\\\/2021\\\/11\\\/Mesa-de-trabajo-9.jpg\",\"contentUrl\":\"https:\\\/\\\/puebloviejolugardevalor.com\\\/wp-content\\\/uploads\\\/2021\\\/11\\\/Mesa-de-trabajo-9.jpg\",\"width\":1459,\"height\":821},{\"@type\":\"BreadcrumbList\",\"@id\":\"https:\\\/\\\/puebloviejolugardevalor.com\\\/?page_id=6675#breadcrumb\",\"itemListElement\":[{\"@type\":\"ListItem\",\"position\":1,\"name\":\"Inicio\",\"item\":\"https:\\\/\\\/puebloviejolugardevalor.com\\\/\"},{\"@type\":\"ListItem\",\"position\":2,\"name\":\"Communication room\"}]},{\"@type\":\"WebSite\",\"@id\":\"https:\\\/\\\/puebloviejolugardevalor.com\\\/#website\",\"url\":\"https:\\\/\\\/puebloviejolugardevalor.com\\\/\",\"name\":\"Barrick | Un lugar de valor\",\"description\":\"Pueblo viejo un lugar de valor\",\"potentialAction\":[{\"@type\":\"SearchAction\",\"target\":{\"@type\":\"EntryPoint\",\"urlTemplate\":\"https:\\\/\\\/puebloviejolugardevalor.com\\\/?s={search_term_string}\"},\"query-input\":{\"@type\":\"PropertyValueSpecification\",\"valueRequired\":true,\"valueName\":\"search_term_string\"}}],\"inLanguage\":\"en-US\"}]}<\/script>\n<!-- \/ Yoast SEO plugin. -->","yoast_head_json":{"title":"Communication room - Barrick | Un lugar de valor","description":"Barrick Pueblo Viejo es un lugar de valor por los resultados de casi 15 a\u00f1os de miner\u00eda responsable en el pa\u00eds en aspectos sociales, medioambientales y econ\u00f3micos.","robots":{"index":"index","follow":"follow","max-snippet":"max-snippet:-1","max-image-preview":"max-image-preview:large","max-video-preview":"max-video-preview:-1"},"canonical":"https:\/\/puebloviejolugardevalor.com\/?page_id=6675","og_locale":"en_US","og_type":"article","og_title":"Communication room - Barrick | Un lugar de valor","og_description":"Barrick Pueblo Viejo es un lugar de valor por los resultados de casi 15 a\u00f1os de miner\u00eda responsable en el pa\u00eds en aspectos sociales, medioambientales y econ\u00f3micos.","og_url":"https:\/\/puebloviejolugardevalor.com\/?page_id=6675","og_site_name":"Barrick | Un lugar de valor","article_modified_time":"2021-11-30T16:48:05+00:00","og_image":[{"width":1459,"height":821,"url":"https:\/\/puebloviejolugardevalor.com\/wp-content\/uploads\/2021\/11\/Mesa-de-trabajo-9.jpg","type":"image\/jpeg"}],"twitter_card":"summary_large_image","twitter_description":"Barrick Pueblo Viejo es un lugar de valor por los resultados de casi 15 a\u00f1os de miner\u00eda responsable en el pa\u00eds en aspectos sociales, medioambientales y econ\u00f3micos.","twitter_image":"https:\/\/puebloviejolugardevalor.com\/wp-content\/uploads\/2021\/11\/Mesa-de-trabajo-9.jpg","twitter_misc":{"Est. reading time":"1 minute"},"schema":{"@context":"https:\/\/schema.org","@graph":[{"@type":"WebPage","@id":"https:\/\/puebloviejolugardevalor.com\/?page_id=6675","url":"https:\/\/puebloviejolugardevalor.com\/?page_id=6675","name":"Communication room - Barrick | Un lugar de valor","isPartOf":{"@id":"https:\/\/puebloviejolugardevalor.com\/#website"},"primaryImageOfPage":{"@id":"https:\/\/puebloviejolugardevalor.com\/?page_id=6675#primaryimage"},"image":{"@id":"https:\/\/puebloviejolugardevalor.com\/?page_id=6675#primaryimage"},"thumbnailUrl":"https:\/\/puebloviejolugardevalor.com\/wp-content\/uploads\/2021\/11\/Mesa-de-trabajo-9.jpg","datePublished":"2021-11-16T18:50:42+00:00","dateModified":"2021-11-30T16:48:05+00:00","description":"Barrick Pueblo Viejo es un lugar de valor por los resultados de casi 15 a\u00f1os de miner\u00eda responsable en el pa\u00eds en aspectos sociales, medioambientales y econ\u00f3micos.","breadcrumb":{"@id":"https:\/\/puebloviejolugardevalor.com\/?page_id=6675#breadcrumb"},"inLanguage":"en-US","potentialAction":[{"@type":"ReadAction","target":["https:\/\/puebloviejolugardevalor.com\/?page_id=6675"]}]},{"@type":"ImageObject","inLanguage":"en-US","@id":"https:\/\/puebloviejolugardevalor.com\/?page_id=6675#primaryimage","url":"https:\/\/puebloviejolugardevalor.com\/wp-content\/uploads\/2021\/11\/Mesa-de-trabajo-9.jpg","contentUrl":"https:\/\/puebloviejolugardevalor.com\/wp-content\/uploads\/2021\/11\/Mesa-de-trabajo-9.jpg","width":1459,"height":821},{"@type":"BreadcrumbList","@id":"https:\/\/puebloviejolugardevalor.com\/?page_id=6675#breadcrumb","itemListElement":[{"@type":"ListItem","position":1,"name":"Inicio","item":"https:\/\/puebloviejolugardevalor.com\/"},{"@type":"ListItem","position":2,"name":"Communication room"}]},{"@type":"WebSite","@id":"https:\/\/puebloviejolugardevalor.com\/#website","url":"https:\/\/puebloviejolugardevalor.com\/","name":"Barrick | Un lugar de valor","description":"Pueblo viejo un lugar de valor","potentialAction":[{"@type":"SearchAction","target":{"@type":"EntryPoint","urlTemplate":"https:\/\/puebloviejolugardevalor.com\/?s={search_term_string}"},"query-input":{"@type":"PropertyValueSpecification","valueRequired":true,"valueName":"search_term_string"}}],"inLanguage":"en-US"}]}},"_links":{"self":[{"href":"https:\/\/puebloviejolugardevalor.com\/en\/wp-json\/wp\/v2\/pages\/7484","targetHints":{"allow":["GET"]}}],"collection":[{"href":"https:\/\/puebloviejolugardevalor.com\/en\/wp-json\/wp\/v2\/pages"}],"about":[{"href":"https:\/\/puebloviejolugardevalor.com\/en\/wp-json\/wp\/v2\/types\/page"}],"author":[{"embeddable":true,"href":"https:\/\/puebloviejolugardevalor.com\/en\/wp-json\/wp\/v2\/users\/5"}],"replies":[{"embeddable":true,"href":"https:\/\/puebloviejolugardevalor.com\/en\/wp-json\/wp\/v2\/comments?post=7484"}],"version-history":[{"count":3,"href":"https:\/\/puebloviejolugardevalor.com\/en\/wp-json\/wp\/v2\/pages\/7484\/revisions"}],"predecessor-version":[{"id":7679,"href":"https:\/\/puebloviejolugardevalor.com\/en\/wp-json\/wp\/v2\/pages\/7484\/revisions\/7679"}],"wp:featuredmedia":[{"embeddable":true,"href":"https:\/\/puebloviejolugardevalor.com\/en\/wp-json\/wp\/v2\/media\/7657"}],"wp:attachment":[{"href":"https:\/\/puebloviejolugardevalor.com\/en\/wp-json\/wp\/v2\/media?parent=7484"}],"curies":[{"name":"wp","href":"https:\/\/api.w.org\/{rel}","templated":true}]}}